{"id":691,"date":"2021-03-12T16:54:09","date_gmt":"2021-03-12T15:54:09","guid":{"rendered":"http:\/\/hoteldelsolepompei.it\/privacy\/"},"modified":"2021-03-12T16:54:09","modified_gmt":"2021-03-12T15:54:09","slug":"privacy","status":"publish","type":"page","link":"http:\/\/hoteldelsolepompei.it\/en\/privacy\/","title":{"rendered":"Privacy &#038; Cookie"},"content":{"rendered":"<h2><strong>INFORMATIVA AL TRATTAMENTO DEI DATI PERSONALI AI SENSI DEGLI ART. 13 \u2013 14 DEL GDPR 2016\/679<\/strong><\/h2>\n<p>&nbsp;<\/p>\n<p>I dati personali dell\u2019utente sono utilizzati da GESTIONI ALBERGHI s.r.l. che ne \u00e8 titolare per il trattamento, nel rispetto dei principi di protezione dei dati personali stabiliti dal Regolamento GDPR 2016\/679. Pertanto, in conformit\u00e0 con l\u2019articolo 13 del GDPR 2016\/679, Le forniamo le seguenti informazioni: I dati forniti dall\u2019utente verranno utilizzati per effettuare una prenotazione sul sito: http:\/\/www.hoteldelsolepompei.it I dati saranno conservati all\u2019interno di un database elettronico. L\u2019inserimento dei dati \u00e8 obbligatorio, dato che in loro assenza non \u00e8 possibile effettuare una prenotazione. La mancanza di tali informazioni impedisce l\u2019ulteriore avanzamento del contratto. I dati saranno trasmessi esclusivamente ai destinatari necessari per il completamento del contratto di prenotazione (es: l\u2019hotel). I dati non saranno trasmessi a parti esterne.<\/p>\n<p>&nbsp;<\/p>\n<p><strong>MODALIT\u00c0 E FINALIT\u00c0 DEL TRATTAMENTO DATI<\/strong><\/p>\n<p>La informiamo che i dati verranno trattati con il supporto dei seguenti mezzi:<\/p>\n<ul>\n<li>Mista \u2013 elettronica e cartacea<\/li>\n<\/ul>\n<p>con le seguenti finalit\u00e0:<\/p>\n<ul>\n<li>Erogazione del servizio prodotto<\/li>\n<li>Gestione della clientela (contratti, ordini)<\/li>\n<\/ul>\n<p>&nbsp;<\/p>\n<p><strong>BASE GIURIDICA<\/strong><\/p>\n<p><em>Il conferimento dei dati \u00e8 obbligatorio per tutto quanto \u00e8 richiesto dagli obblighi legali e contrattuali e pertanto l\u2019eventuale rifiuto a fornirli in tutto o in parte pu\u00f2 dar luogo all\u2019impossibilit\u00e0 di fornire i servizi richiesti.<\/em><\/p>\n<p>La societ\u00e0 tratta i dati facoltativi degli utenti in base al consenso, ossia mediante l\u2019approvazione esplicita della presente policy privacy e in relazione alle modalit\u00e0 e finalit\u00e0 di seguito descritte.<\/p>\n<p>&nbsp;<\/p>\n<p><strong>PERIODO DI CONSERVAZIONE<\/strong><\/p>\n<p><em>I dati obbligatori ai fini contrattuali e contabili sono conservati per il tempo necessario allo svolgimento del rapporto commerciale e contabile.<\/em><\/p>\n<p>I dati di chi non acquista o usufruisce di prodotti\/servizi, pur avendo avuto un precedente contatto con dei rappresentanti dell\u2019azienda, saranno immediatamente cancellati o trattati in forma anonima, ove la loro conservazione non risulti altrimenti giustificata, salvo che sia stato acquisito validamente il consenso informato degli interessati relativo ad una successiva attivit\u00e0 di promozione commerciale o ricerca di mercato. Il periodo di conservazione dei dati \u00e8: I dati saranno trattati per tutto il tempo necessario alla svolgimento del rapporto commerciale in essere e per i successivi dieci anni dalla data di acquisizione degli stessi. DIRITTI DELL\u2019INTERESSATO<\/p>\n<p>Ai sensi del Regolamento europeo 679\/2016 (GDPR) e della normativa nazionale, l\u2019interessato pu\u00f2, secondo le modalit\u00e0 e nei limiti previsti dalla vigente normativa, esercitare i seguenti diritti:<\/p>\n<ul>\n<li>richiedere la conferma dell\u2019esistenza di dati personali che lo riguardano (diritto di accesso);<\/li>\n<li>conoscerne l\u2019origine;<\/li>\n<li>riceverne comunicazione intelligibile;<\/li>\n<li>avere informazioni circa la logica, le modalit\u00e0 e le finalit\u00e0 del trattamento;<\/li>\n<li>richiederne l\u2019aggiornamento, la rettifica, l\u2019integrazione, la cancellazione, la trasformazione in forma anonima, il blocco dei dati trattati in violazione di legge, ivi compresi quelli non pi\u00f9 necessari al perseguimento degli scopi per i quali sono stati raccolti;<\/li>\n<li>diritto di limitazione o di opposizione al trattamento dei dati che lo riguardano;<\/li>\n<li>diritto di revoca;<\/li>\n<li>diritto alla portabilit\u00e0 dei dati;<\/li>\n<li>nei casi di trattamento basato su consenso, ricevere i propri dati forniti al titolare, in forma strutturata e leggibile da un elaboratore di dati e in un formato comunemente usato da un dispositivo elettronico;<\/li>\n<li>il diritto di presentare un reclamo all\u2019Autorit\u00e0 di controllo.<\/li>\n<\/ul>\n<p>&nbsp;<\/p>\n<p><em>Titolare del trattamento dei Suoi dati personali \u00e8 GESTIONI ALBERGHI s.r.l. Via Plinio , 15 Pompei (Na), p.iva 07703881214, c.f. 07703881214<\/em><\/p>\n<p>La scrivente Societ\u00e0 ha nominato quale Responsabile del Trattamento la Sig. Varnelli Ermelinda che pu\u00f2 essere contattata al seguente indirizzo email: amministrazione@hoteldelsolepompei.it<\/p>\n<p>&nbsp;<\/p>\n<h2>Cookie<\/h2>\n<h3><strong>Tipologie di Dati raccolti<\/strong><\/h3>\n<p>Fra i Dati Personali raccolti da questa Applicazione, in modo autonomo o tramite terze parti, ci sono: Cookie; Dati di utilizzo; nome; email.<\/p>\n<p>Dettagli completi su ciascuna tipologia di dati raccolti sono forniti nelle sezioni dedicate di questa privacy policy o mediante specifici testi informativi visualizzati prima della raccolta dei dati stessi.<br \/>\nI Dati Personali possono essere liberamente forniti dall\u2019Utente o, nel caso di Dati di Utilizzo, raccolti automaticamente durante l\u2019uso di questa Applicazione.<br \/>\nSe non diversamente specificato, tutti i Dati richiesti da questa Applicazione sono obbligatori. Se l\u2019Utente rifiuta di comunicarli, potrebbe essere impossibile per questa Applicazione fornire il Servizio. Nei casi in cui questa Applicazione indichi alcuni Dati come facoltativi, gli Utenti sono liberi di astenersi dal comunicare tali Dati, senza che ci\u00f2 abbia alcuna conseguenza sulla disponibilit\u00e0 del Servizio o sulla sua operativit\u00e0.<br \/>\nGli Utenti che dovessero avere dubbi su quali Dati siano obbligatori, sono incoraggiati a contattare il Titolare.<br \/>\nL\u2019eventuale utilizzo di Cookie \u2013 o di altri strumenti di tracciamento \u2013 da parte di questa Applicazione o dei titolari dei servizi terzi utilizzati da questa Applicazione, ove non diversamente precisato, ha la finalit\u00e0 di fornire il Servizio richiesto dall\u2019Utente, oltre alle ulteriori finalit\u00e0 descritte nel presente documento e nella Cookie Policy, se disponibile.<\/p>\n<p>L\u2019Utente si assume la responsabilit\u00e0 dei Dati Personali di terzi ottenuti, pubblicati o condivisi mediante questa Applicazione e garantisce di avere il diritto di comunicarli o diffonderli, liberando il Titolare da qualsiasi responsabilit\u00e0 verso terzi.<\/p>\n<p>&nbsp;<\/p>\n<h3><strong>Modalit\u00e0 e luogo del trattamento dei Dati raccolti<\/strong><\/h3>\n<p><strong>Modalit\u00e0 di trattamento<\/strong><\/p>\n<p>Il Titolare adotta le opportune misure di sicurezza volte ad impedire l\u2019accesso, la divulgazione, la modifica o la distruzione non autorizzate dei Dati Personali.<br \/>\nIl trattamento viene effettuato mediante strumenti informatici e\/o telematici, con modalit\u00e0 organizzative e con logiche strettamente correlate alle finalit\u00e0 indicate. Oltre al Titolare, in alcuni casi, potrebbero avere accesso ai Dati altri soggetti coinvolti nell\u2019organizzazione di questa Applicazione (personale amministrativo, commerciale, marketing, legali, amministratori di sistema) ovvero soggetti esterni (come fornitori di servizi tecnici terzi, corrieri postali, hosting provider, societ\u00e0 informatiche, agenzie di comunicazione) nominati anche, se necessario, Responsabili del Trattamento da parte del Titolare. L\u2019elenco aggiornato dei Responsabili potr\u00e0 sempre essere richiesto al Titolare del Trattamento.<\/p>\n<p><strong>Base giuridica del trattamento<\/strong><\/p>\n<p>Il Titolare tratta Dati Personali relativi all\u2019Utente in caso sussista una delle seguenti condizioni:<\/p>\n<ul>\n<li>l\u2019Utente ha prestato il consenso per una o pi\u00f9 finalit\u00e0 specifiche; Nota: in alcuni ordinamenti il Titolare pu\u00f2 essere autorizzato a trattare Dati Personali senza che debba sussistere il consenso dell\u2019Utente o un\u2019altra delle basi giuridiche specificate di seguito, fino a quando l\u2019Utente non si opponga (\u201copt-out\u201d) a tale trattamento. Ci\u00f2 non \u00e8 tuttavia applicabile qualora il trattamento di Dati Personali sia regolato dalla legislazione europea in materia di protezione dei Dati Personali;<\/li>\n<li>il trattamento \u00e8 necessario all\u2019esecuzione di un contratto con l\u2019Utente e\/o all\u2019esecuzione di misure precontrattuali;<\/li>\n<li>il trattamento \u00e8 necessario per adempiere un obbligo legale al quale \u00e8 soggetto il Titolare;<\/li>\n<li>il trattamento \u00e8 necessario per l\u2019esecuzione di un compito di interesse pubblico o per l\u2019esercizio di pubblici poteri di cui \u00e8 investito il Titolare;<\/li>\n<li>il trattamento \u00e8 necessario per il perseguimento del legittimo interesse del Titolare o di terzi.<\/li>\n<\/ul>\n<p>\u00c8 comunque sempre possibile richiedere al Titolare di chiarire la concreta base giuridica di ciascun trattamento ed in particolare di specificare se il trattamento sia basato sulla legge, previsto da un contratto o necessario per concludere un contratto.<\/p>\n<p><strong>Luogo<\/strong><\/p>\n<p>I Dati sono trattati presso le sedi operative del Titolare ed in ogni altro luogo in cui le parti coinvolte nel trattamento siano localizzate. Per ulteriori informazioni, contatta il Titolare.<br \/>\nI Dati Personali dell\u2019Utente potrebbero essere trasferiti in un paese diverso da quello in cui l\u2019Utente si trova. Per ottenere ulteriori informazioni sul luogo del trattamento l\u2019Utente pu\u00f2 fare riferimento alla sezione relativa ai dettagli sul trattamento dei Dati Personali.<\/p>\n<p>L\u2019Utente ha diritto a ottenere informazioni in merito alla base giuridica del trasferimento di Dati al di fuori dell\u2019Unione Europea o ad un\u2019organizzazione internazionale di diritto internazionale pubblico o costituita da due o pi\u00f9 paesi, come ad esempio l\u2019ONU, nonch\u00e9 in merito alle misure di sicurezza adottate dal Titolare per proteggere i Dati.<\/p>\n<p>L\u2019Utente pu\u00f2 verificare se abbia luogo uno dei trasferimenti appena descritti esaminando la sezione di questo documento relativa ai dettagli sul trattamento di Dati Personali o chiedere informazioni al Titolare contattandolo agli estremi riportati in apertura.<\/p>\n<p><strong>Periodo di conservazione<\/strong><\/p>\n<p>I Dati sono trattati e conservati per il tempo richiesto dalle finalit\u00e0 per le quali sono stati raccolti.<\/p>\n<p>Pertanto:<\/p>\n<ul>\n<li>I Dati Personali raccolti per scopi collegati all\u2019esecuzione di un contratto tra il Titolare e l\u2019Utente saranno trattenuti sino a quando sia completata l\u2019esecuzione di tale contratto.<\/li>\n<li>I Dati Personali raccolti per finalit\u00e0 riconducibili all\u2019interesse legittimo del Titolare saranno trattenuti sino al soddisfacimento di tale interesse. L\u2019Utente pu\u00f2 ottenere ulteriori informazioni in merito all\u2019interesse legittimo perseguito dal Titolare nelle relative sezioni di questo documento o contattando il Titolare.<\/li>\n<\/ul>\n<p>Quando il trattamento \u00e8 basato sul consenso dell\u2019Utente, il Titolare pu\u00f2 conservare i Dati Personali pi\u00f9 a lungo sino a quando detto consenso non venga revocato. Inoltre, il Titolare potrebbe essere obbligato a conservare i Dati Personali per un periodo pi\u00f9 lungo in ottemperanza ad un obbligo di legge o per ordine di un\u2019autorit\u00e0.<\/p>\n<p>Al termine del periodo di conservazione i Dati Personali saranno cancellati. Pertanto, allo spirare di tale termine il diritto di accesso, cancellazione, rettificazione ed il diritto alla portabilit\u00e0 dei Dati non potranno pi\u00f9 essere esercitati.<\/p>\n<p>&nbsp;<\/p>\n<h3><strong>Finalit\u00e0 del Trattamento dei Dati raccolti<\/strong><\/h3>\n<p>I Dati dell\u2019Utente sono raccolti per consentire al Titolare di fornire i propri Servizi, cos\u00ec come per le seguenti finalit\u00e0: Statistica, Contattare l\u2019Utente e Visualizzazione di contenuti da piattaforme esterne.<\/p>\n<p>Per ottenere ulteriori informazioni dettagliate sulle finalit\u00e0 del trattamento e sui Dati Personali concretamente rilevanti per ciascuna finalit\u00e0, l\u2019Utente pu\u00f2 fare riferimento alle relative sezioni di questo documento.<\/p>\n<p>&nbsp;<\/p>\n<h3><strong>Dettagli sul trattamento dei Dati Personali<\/strong><\/h3>\n<p>I Dati Personali sono raccolti per le seguenti finalit\u00e0 ed utilizzando i seguenti servizi:<\/p>\n<p><strong>Statistica:<\/strong><br \/>\nI servizi contenuti nella presente sezione permettono al Titolare del Trattamento di monitorare e analizzare i dati di traffico e servono a tener traccia del comportamento dell\u2019Utente.<\/p>\n<p><strong>Google Analytics (Google LLC)<br \/>\n<\/strong>Google Analytics \u00e8 un servizio di analisi web fornito da Google LLC (\u201cGoogle\u201d). Google utilizza i Dati Personali raccolti allo scopo di tracciare ed esaminare l\u2019utilizzo di questa Applicazione, compilare report e condividerli con gli altri servizi sviluppati da Google.<br \/>\nGoogle potrebbe utilizzare i Dati Personali per contestualizzare e personalizzare gli annunci del proprio network pubblicitario.<\/p>\n<p>Dati Personali raccolti: Cookie; Dati di utilizzo.<\/p>\n<p>Luogo del trattamento: Stati Uniti \u2013 <a href=\"https:\/\/policies.google.com\/privacy\">Privacy Policy<\/a> \u2013 <a href=\"https:\/\/tools.google.com\/dlpage\/gaoptout?hl=it\">Opt Out<\/a>. Soggetto aderente al Privacy Shield.<\/p>\n<p>&nbsp;<\/p>\n<h3>Contattare l\u2019Utente:<\/h3>\n<p><strong>Modulo di contatto (questa Applicazione)<\/strong><br \/>\nL\u2019Utente, compilando con i propri Dati il modulo di contatto, acconsente al loro utilizzo per rispondere alle richieste di informazioni, di preventivo, o di qualunque altra natura indicata dall\u2019intestazione del modulo.<\/p>\n<p>Dati Personali raccolti: email; nome.<\/p>\n<p>&nbsp;<\/p>\n<h3>Visualizzazione di contenuti da piattaforme esterne:<\/h3>\n<p>Questo tipo di servizi permette di visualizzare contenuti ospitati su piattaforme esterne direttamente dalle pagine di questa Applicazione e di interagire con essi.<br \/>\nNel caso in cui sia installato un servizio di questo tipo, \u00e8 possibile che, anche nel caso gli Utenti non utilizzino il servizio, lo stesso raccolga dati di traffico relativi alle pagine in cui \u00e8 installato.<\/p>\n<p><strong>Widget Google Maps (Google LLC)<\/strong><br \/>\nGoogle Maps \u00e8 un servizio di visualizzazione di mappe gestito da Google LLC che permette a questa Applicazione di integrare tali contenuti all\u2019interno delle proprie pagine.<\/p>\n<p>Dati Personali raccolti: Cookie; Dati di utilizzo.<\/p>\n<p>Luogo del trattamento: Stati Uniti \u2013 <a href=\"https:\/\/policies.google.com\/privacy\">Privacy Policy<\/a>. Soggetto aderente al Privacy Shield.<\/p>\n","protected":false},"excerpt":{"rendered":"<p>INFORMATIVA AL TRATTAMENTO DEI DATI PERSONALI AI SENSI DEGLI ART. 13 \u2013 14 DEL GDPR 2016\/679 &nbsp; I dati personali dell\u2019utente sono utilizzati da GESTIONI ALBERGHI s.r.l. che ne \u00e8 titolare per il trattamento, nel rispetto dei principi di protezione dei dati personali stabiliti dal Regolamento GDPR 2016\/679. Pertanto, in conformit\u00e0 con l\u2019articolo 13 del [&hellip;]<\/p>\n","protected":false},"author":6,"featured_media":230,"parent":0,"menu_order":0,"comment_status":"closed","ping_status":"closed","template":"templates\/page-standard.php","meta":[],"yoast_head":"<!-- This site is optimized with the Yoast SEO plugin v16.0.1 - https:\/\/yoast.com\/wordpress\/plugins\/seo\/ -->\n<title>Privacy &amp; Cookie - Hotel Pompei<\/title>\n<meta name=\"robots\" content=\"index, follow, max-snippet:-1, max-image-preview:large, max-video-preview:-1\" \/>\n<link rel=\"canonical\" href=\"http:\/\/hoteldelsolepompei.it\/en\/privacy\/\" \/>\n<meta property=\"og:locale\" content=\"en_US\" \/>\n<meta property=\"og:type\" content=\"article\" \/>\n<meta property=\"og:title\" content=\"Privacy &amp; Cookie - Hotel Pompei\" \/>\n<meta property=\"og:description\" content=\"INFORMATIVA AL TRATTAMENTO DEI DATI PERSONALI AI SENSI DEGLI ART. 13 \u2013 14 DEL GDPR 2016\/679 &nbsp; I dati personali dell\u2019utente sono utilizzati da GESTIONI ALBERGHI s.r.l. che ne \u00e8 titolare per il trattamento, nel rispetto dei principi di protezione dei dati personali stabiliti dal Regolamento GDPR 2016\/679. Pertanto, in conformit\u00e0 con l\u2019articolo 13 del [&hellip;]\" \/>\n<meta property=\"og:url\" content=\"http:\/\/hoteldelsolepompei.it\/en\/privacy\/\" \/>\n<meta property=\"og:site_name\" content=\"Hotel Pompei\" \/>\n<meta property=\"og:image\" content=\"https:\/\/hoteldelsolepompei.it\/wp-content\/uploads\/2022\/02\/Hotel-del-Sole-Pompei-social.jpg\" \/>\n\t<meta property=\"og:image:width\" content=\"1200\" \/>\n\t<meta property=\"og:image:height\" content=\"630\" \/>\n<meta name=\"twitter:card\" content=\"summary_large_image\" \/>\n<meta name=\"twitter:label1\" content=\"Est. reading time\">\n\t<meta name=\"twitter:data1\" content=\"9 minutes\">\n<script type=\"application\/ld+json\" class=\"yoast-schema-graph\">{\"@context\":\"https:\/\/schema.org\",\"@graph\":[{\"@type\":\"Organization\",\"@id\":\"https:\/\/hoteldelsolepompei.it\/#organization\",\"name\":\"Hotel del Sole\",\"url\":\"https:\/\/hoteldelsolepompei.it\/\",\"sameAs\":[],\"logo\":{\"@type\":\"ImageObject\",\"@id\":\"https:\/\/hoteldelsolepompei.it\/#logo\",\"inLanguage\":\"en-US\",\"url\":\"https:\/\/hoteldelsolepompei.it\/wp-content\/uploads\/2022\/02\/Hotel-del-Sole-a-Pompei-kgraph.png\",\"width\":112,\"height\":112,\"caption\":\"Hotel del Sole\"},\"image\":{\"@id\":\"https:\/\/hoteldelsolepompei.it\/#logo\"}},{\"@type\":\"WebSite\",\"@id\":\"https:\/\/hoteldelsolepompei.it\/#website\",\"url\":\"https:\/\/hoteldelsolepompei.it\/\",\"name\":\"Hotel Pompei\",\"description\":\"Un nuovo sito targato WordPress\",\"publisher\":{\"@id\":\"https:\/\/hoteldelsolepompei.it\/#organization\"},\"potentialAction\":[{\"@type\":\"SearchAction\",\"target\":\"https:\/\/hoteldelsolepompei.it\/?s={search_term_string}\",\"query-input\":\"required name=search_term_string\"}],\"inLanguage\":\"en-US\"},{\"@type\":\"ImageObject\",\"@id\":\"http:\/\/hoteldelsolepompei.it\/en\/privacy\/#primaryimage\",\"inLanguage\":\"en-US\",\"url\":\"https:\/\/hoteldelsolepompei.it\/wp-content\/uploads\/2021\/03\/hermes-domus-hotel-del-sole-pompei-02.jpg\",\"width\":1400,\"height\":933,\"caption\":\"Per le tue serate a Pompei puoi scegliere una delle sale dell'Hotel del Sole in centro a Pompei\"},{\"@type\":\"WebPage\",\"@id\":\"http:\/\/hoteldelsolepompei.it\/en\/privacy\/#webpage\",\"url\":\"http:\/\/hoteldelsolepompei.it\/en\/privacy\/\",\"name\":\"Privacy & Cookie - Hotel Pompei\",\"isPartOf\":{\"@id\":\"https:\/\/hoteldelsolepompei.it\/#website\"},\"primaryImageOfPage\":{\"@id\":\"http:\/\/hoteldelsolepompei.it\/en\/privacy\/#primaryimage\"},\"datePublished\":\"2021-03-12T15:54:09+00:00\",\"dateModified\":\"2021-03-12T15:54:09+00:00\",\"breadcrumb\":{\"@id\":\"http:\/\/hoteldelsolepompei.it\/en\/privacy\/#breadcrumb\"},\"inLanguage\":\"en-US\",\"potentialAction\":[{\"@type\":\"ReadAction\",\"target\":[\"http:\/\/hoteldelsolepompei.it\/en\/privacy\/\"]}]},{\"@type\":\"BreadcrumbList\",\"@id\":\"http:\/\/hoteldelsolepompei.it\/en\/privacy\/#breadcrumb\",\"itemListElement\":[{\"@type\":\"ListItem\",\"position\":1,\"item\":{\"@type\":\"WebPage\",\"@id\":\"https:\/\/hoteldelsolepompei.it\/en\/\",\"url\":\"https:\/\/hoteldelsolepompei.it\/en\/\",\"name\":\"Home\"}},{\"@type\":\"ListItem\",\"position\":2,\"item\":{\"@type\":\"WebPage\",\"@id\":\"http:\/\/hoteldelsolepompei.it\/en\/privacy\/\",\"url\":\"http:\/\/hoteldelsolepompei.it\/en\/privacy\/\",\"name\":\"Privacy &#038; Cookie\"}}]}]}<\/script>\n<!-- \/ Yoast SEO plugin. -->","_links":{"self":[{"href":"https:\/\/hoteldelsolepompei.it\/en\/wp-json\/wp\/v2\/pages\/691"}],"collection":[{"href":"https:\/\/hoteldelsolepompei.it\/en\/wp-json\/wp\/v2\/pages"}],"about":[{"href":"https:\/\/hoteldelsolepompei.it\/en\/wp-json\/wp\/v2\/types\/page"}],"author":[{"embeddable":true,"href":"https:\/\/hoteldelsolepompei.it\/en\/wp-json\/wp\/v2\/users\/6"}],"replies":[{"embeddable":true,"href":"https:\/\/hoteldelsolepompei.it\/en\/wp-json\/wp\/v2\/comments?post=691"}],"version-history":[{"count":0,"href":"https:\/\/hoteldelsolepompei.it\/en\/wp-json\/wp\/v2\/pages\/691\/revisions"}],"wp:featuredmedia":[{"embeddable":true,"href":"https:\/\/hoteldelsolepompei.it\/en\/wp-json\/wp\/v2\/media\/230"}],"wp:attachment":[{"href":"https:\/\/hoteldelsolepompei.it\/en\/wp-json\/wp\/v2\/media?parent=691"}],"curies":[{"name":"wp","href":"https:\/\/api.w.org\/{rel}","templated":true}]}}